{"id":3002,"date":"2015-05-20T18:29:09","date_gmt":"2015-05-20T18:29:09","guid":{"rendered":"https:\/\/lescliniquestoro.com\/?page_id=3002&#038;lang=en"},"modified":"2020-05-16T22:05:13","modified_gmt":"2020-05-16T22:05:13","slug":"talk-to-your-dentiste-in-montreal","status":"publish","type":"page","link":"https:\/\/lescliniquestoro.com\/en\/talk-to-your-dentiste-in-montreal\/","title":{"rendered":"Talk to your dentist in Montreal"},"content":{"rendered":"<p>[et_pb_section fb_built=&#8221;1&#8243; _builder_version=&#8221;4.4.4&#8243; custom_padding=&#8221;4px||14px|||&#8221;][et_pb_row _builder_version=&#8221;4.4.4&#8243; custom_padding=&#8221;11px||7px|||&#8221;][et_pb_column type=&#8221;4_4&#8243; _builder_version=&#8221;4.4.4&#8243;][et_pb_text _builder_version=&#8221;4.4.6&#8243; header_2_font=&#8221;Oswald||on|on|||||&#8221; header_2_text_align=&#8221;center&#8221; header_2_text_color=&#8221;#ffffff&#8221; header_2_font_size=&#8221;19px&#8221; background_color=&#8221;#0e5aa8&#8243; width=&#8221;32%&#8221; custom_margin=&#8221;||0px||false|false&#8221; custom_padding=&#8221;5px||||false|false&#8221; hover_enabled=&#8221;0&#8243; header_2_font_size_tablet=&#8221;22px&#8221; header_2_font_size_phone=&#8221;19px&#8221; header_2_font_size_last_edited=&#8221;on|phone&#8221; border_radii=&#8221;on|15px|15px|15px|15px&#8221; locked=&#8221;off&#8221; box_shadow_style=&#8221;preset2&#8243;]<\/p>\n<h2>Talk to your Dentist<\/h2>\n<p>[\/et_pb_text][\/et_pb_column][\/et_pb_row][\/et_pb_section][et_pb_section fb_built=&#8221;1&#8243; disabled_on=&#8221;off|off|off&#8221; _builder_version=&#8221;4.4.6&#8243; background_image=&#8221;https:\/\/lescliniquestoro.com\/wp-content\/uploads\/2020\/04\/big-dw2-logo-bleu-1.png&#8221; background_position=&#8221;top_center&#8221; min_height=&#8221;679px&#8221; min_height_tablet=&#8221;&#8221; min_height_phone=&#8221;&#8221; min_height_last_edited=&#8221;on|phone&#8221; custom_margin=&#8221;2px||0px||false|false&#8221; custom_padding=&#8221;0px||79px||false|false&#8221; bottom_divider_style=&#8221;curve&#8221; bottom_divider_color=&#8221;#dfedf7&#8243; hover_enabled=&#8221;0&#8243; locked=&#8221;off&#8221;][et_pb_row use_custom_gutter=&#8221;on&#8221; gutter_width=&#8221;1&#8243; make_equal=&#8221;on&#8221; padding_top_bottom_link_2=&#8221;true&#8221; padding_left_right_link_2=&#8221;true&#8221; disabled_on=&#8221;off|off|off&#8221; _builder_version=&#8221;4.4.6&#8243; width=&#8221;92%&#8221; max_width=&#8221;92%&#8221; min_height=&#8221;592px&#8221; min_height_tablet=&#8221;&#8221; min_height_phone=&#8221;&#8221; min_height_last_edited=&#8221;on|phone&#8221; custom_margin=&#8221;|auto|-1px|auto||&#8221; custom_padding=&#8221;0|0px|0|0px|false|false&#8221; filter_opacity=&#8221;65%&#8221; animation_style=&#8221;zoom&#8221; animation_direction=&#8221;right&#8221; animation_intensity_zoom=&#8221;4%&#8221; hover_enabled=&#8221;0&#8243; border_radii=&#8221;off|15vw|15vw|15vw|15vw&#8221; box_shadow_style=&#8221;preset2&#8243; box_shadow_color=&#8221;rgba(0,0,0,0.4)&#8221; use_custom_width=&#8221;on&#8221; width_unit=&#8221;off&#8221; custom_width_percent=&#8221;92%&#8221; locked=&#8221;off&#8221; box_shadow_vertical__hover_enabled=&#8221;on&#8221; box_shadow_vertical__hover=&#8221;40px&#8221; animation_style__hover=&#8221;none&#8221; animation_style__hover_enabled=&#8221;none&#8221; animation_repeat__hover=&#8221;once&#8221; animation_repeat__hover_enabled=&#8221;once&#8221; animation_direction__hover=&#8221;center&#8221; animation_direction__hover_enabled=&#8221;center&#8221; animation_duration__hover=&#8221;1000ms&#8221; animation_duration__hover_enabled=&#8221;1000ms&#8221; animation_delay__hover=&#8221;0ms&#8221; animation_delay__hover_enabled=&#8221;0ms&#8221; animation_intensity_slide__hover=&#8221;50%&#8221; animation_intensity_slide__hover_enabled=&#8221;50%&#8221; animation_intensity_zoom__hover=&#8221;50%&#8221; animation_intensity_zoom__hover_enabled=&#8221;50%&#8221; animation_intensity_flip__hover=&#8221;50%&#8221; animation_intensity_flip__hover_enabled=&#8221;50%&#8221; animation_intensity_fold__hover=&#8221;50%&#8221; animation_intensity_fold__hover_enabled=&#8221;50%&#8221; animation_intensity_roll__hover=&#8221;50%&#8221; animation_intensity_roll__hover_enabled=&#8221;50%&#8221; animation_starting_opacity__hover=&#8221;0%&#8221; animation_starting_opacity__hover_enabled=&#8221;0%&#8221; animation_speed_curve__hover=&#8221;ease-in-out&#8221; animation_speed_curve__hover_enabled=&#8221;ease-in-out&#8221;][et_pb_column type=&#8221;4_4&#8243; _builder_version=&#8221;4.4.6&#8243; background_enable_color=&#8221;off&#8221; use_background_color_gradient=&#8221;on&#8221; background_color_gradient_start=&#8221;rgba(35,101,168,0.46)&#8221; background_color_gradient_end=&#8221;rgba(255,255,255,0)&#8221; background_color_gradient_type=&#8221;radial&#8221; background_color_gradient_direction_radial=&#8221;bottom right&#8221; background_image=&#8221;https:\/\/lescliniquestoro.com\/wp-content\/uploads\/2020\/04\/salle-attention.png&#8221; background_repeat=&#8221;repeat&#8221; background_blend=&#8221;overlay&#8221; custom_padding=&#8221;|||&#8221; hover_enabled=&#8221;0&#8243; custom_padding__hover=&#8221;|||&#8221; alt=&#8221;Talk to your dentist&#8221; title_text=&#8221;salle-attention&#8221;][et_pb_divider show_divider=&#8221;off&#8221; _builder_version=&#8221;3.16.1&#8243; height=&#8221;200px&#8221;][\/et_pb_divider][\/et_pb_column][\/et_pb_row][\/et_pb_section][et_pb_section fb_built=&#8221;1&#8243; _builder_version=&#8221;4.4.5&#8243; background_color=&#8221;#dfedf7&#8243; min_height=&#8221;1565px&#8221; custom_margin=&#8221;-2px|||||&#8221; custom_padding=&#8221;14px|||||&#8221; bottom_divider_style=&#8221;curve&#8221; bottom_divider_color=&#8221;#043f7c&#8221;][et_pb_row _builder_version=&#8221;3.25&#8243; background_size=&#8221;initial&#8221; background_position=&#8221;top_left&#8221; background_repeat=&#8221;repeat&#8221;][et_pb_column type=&#8221;4_4&#8243; _builder_version=&#8221;3.25&#8243; custom_padding=&#8221;|||&#8221; custom_padding__hover=&#8221;|||&#8221;][et_pb_text _builder_version=&#8221;4.4.5&#8243; header_font=&#8221;||on||||||&#8221; header_2_font=&#8221;Oswald||on|on|||||&#8221; header_2_text_color=&#8221;#0e5aa8&#8243; header_2_font_size=&#8221;21px&#8221; header_3_font=&#8221;Oswald||||||||&#8221; header_3_text_color=&#8221;#0d5aa7&#8243; background_size=&#8221;initial&#8221; background_position=&#8221;top_left&#8221; background_repeat=&#8221;repeat&#8221;]<\/p>\n<h2>Dental examination<\/h2>\n<p>Part of the exam is for the dentist to look inside your mouth. In the past, you may not have realized that an exam was taking place. Perhaps you thought that the dentist was simply checking the work done by the hygienist.<\/p>\n<h2>How to Find a Dentist in Montreal<\/h2>\n<p>Choosing a dentist in Montreal and taking care of your oral health are personal decisions. You want to have a dentist you can talk to, learn from and visit with confidence. It&#8217;s best not to wait for a toothache or other emergency. Make sure you find a dentist as soon as you move to the Montreal area.<\/p>\n<h2>Your oral care team in Montreal<\/h2>\n<p>Each member of your dental team plays an important role. How not to visit your dentist in Montreal (more often than necessary) &#8211; Good preventive oral hygiene care at home can save you money. It can also help you maintain your teeth, refresh your breath, and improve your oral and general health.<\/p>\n<h2>To understand coinsurance<\/h2>\n<p>Co-insurance &#8211; also known as co-payment &#8211; is the part of the bill that you have to pay yourself when you have obtained the services of a dentist in Montreal. This is the most common way to limit the costs of dental plans, which gives rise to many plans with a variety of benefits at various prices from which the buyer must choose.<br \/>Are you covered?<\/p>\n<h2>An overview of dental plans<\/h2>\n<p>Like many Canadians, you probably have a dental plan paid for by your employer, your union or the provincial government. This fact sheet can help you understand your plan if you are paying for dental care yourself.<\/p>\n<p>To start, remember that a dental plan and a treatment plan provided by a dentist in Montreal are two separate things.<\/p>\n<p>&nbsp;<\/p>\n<ul>\n<li>A dental plan is one way to help pay for your dental treatment that you received from a dentist in Montreal. Employers offer health and dental insurance for a variety of reasons, including the promotion of good health.<\/li>\n<li><strong>A treatment plan<\/strong> is a personal plan that you and your dentist in Montreal develop together to meet your oral health needs. It serves as a roadmap for achieving or maintaining good oral health and should not be dictated by what a dental plan covers.<\/li>\n<\/ul>\n<h2>If you have a dental plan:<\/h2>\n<p>As a full partner in your oral health care, it is up to you to know your diet well. Please read any leaflet, brochure or other material provided by the plan provider.<\/p>\n<h3><em>Points to check<\/em><\/h3>\n<p><strong>Points you should know about<\/strong> your plan to be treated by a dentist in Montreal:<\/p>\n<ol>\n<li>What is covered each year?<\/li>\n<li>Is there a deductible?<\/li>\n<li>Is my coverage financially limited?<\/li>\n<li>Can I choose a procedure other than the one my plan covers?<\/li>\n<li>Will I still be covered if I change jobs?<\/li>\n<li>How well am I covered for cleanings and x-rays?<\/li>\n<li>How much am I covered for dental treatments like fillings and root canals?<\/li>\n<li>What about other treatments like bridges and crowns, prostheses and oral surgery?<\/li>\n<li>Can I choose my own dentist? (Some plans may restrict your choice to a list of approved dentists.)<\/li>\n<\/ol>\n<p>Your quort is the part of the invoice for which you will not receive a refund. You must understand what your plan covers and the extent of coverage to be treated by a dentist in Montreal.<\/p>\n<h2><strong>How your dentist in Montreal can help you<\/strong><\/h2>\n<p>Your dentist can help you claim your benefits.<\/p>\n<p>As mentioned earlier, your dental plan should never dictate your treatment plan.<\/p>\n<p>Your dentist in Montreal, in one of two Toro Dental Clinics can help you estimate what will be covered by your insurance plan before going ahead. He can present a <strong>pre-treatment plan<\/strong> to the administrator of your dental plan to obtain a predetermination or prior evaluation of your benefits. <strong>This is not a guarantee<\/strong>, but the risks of having your request for reimbursement limited or rejected are reduced.<\/p>\n<p>Remember that <strong>your Dentist at Toro Dental Clinics in Montreal treats you, not your dental plan.<\/strong><\/p>\n<p>[\/et_pb_text][\/et_pb_column][\/et_pb_row][\/et_pb_section]<\/p>\n","protected":false},"excerpt":{"rendered":"<p>Talk to your DentistDental examination Part of the exam is for the dentist to look inside your mouth. In the past, you may not have realized that an exam was taking place. Perhaps you thought that the dentist was simply checking the work done by the hygienist. How to Find a Dentist in Montreal Choosing [&hellip;]<\/p>\n","protected":false},"author":1,"featured_media":0,"parent":0,"menu_order":0,"comment_status":"closed","ping_status":"closed","template":"","meta":{"_et_pb_use_builder":"on","_et_pb_old_content":"<h2><a href=\"https:\/\/lescliniquestoro.com\/wp-content\/uploads\/2015\/05\/traitement1.gif\"><img class=\"alignleft size-full wp-image-2998\" src=\"https:\/\/lescliniquestoro.com\/wp-content\/uploads\/2015\/05\/traitement1.gif\" alt=\"Dentiste \u00e0 Montr\u00e9al\" width=\"921\" height=\"194\" \/><\/a><\/h2><p>\u00a0<\/p><p>\u00a0<\/p><h2>\u00a0L'examen dentaire<\/h2><p>L'examen consiste, en partie, \u00e0 ce que le dentiste regarde \u00e0 l'int\u00e9rieur de votre bouche. Dans le pass\u00e9, il est possible que vous ne vous soyez pas rendu compte qu'un examen avait lieu. Peut-\u00eatre pensiez-vous que le dentiste v\u00e9rifiait simplement le travail effectu\u00e9 par l'hygi\u00e9niste.<\/p><h2>Comment trouver un dentiste \u00e0 Montr\u00e9al<\/h2><p>Choisir un dentiste \u00e0 Montr\u00e9al et prendre soin de votre sant\u00e9 buccodentaire sont des d\u00e9cisions personnelles. Vous d\u00e9sirez avoir un dentiste avec qui vous pouvez vous entretenir, de qui vous pourrez apprendre et que vous visiterez en toute confiance. Il vaut mieux ne pas attendre que survienne un mal de dents ou une autre urgence. Ayez soin de vous trouver un dentiste d\u00e8s que vous d\u00e9m\u00e9nagez dans la zone de Montr\u00e9al.<\/p><h2>Votre \u00e9quipe de soins buccodentaires \u00e0 Montr\u00e9al<\/h2><p>Chacun des membres de votre \u00e9quipe de soins dentaires joue un r\u00f4le important. Comment ne pas visiter votre dentiste \u00e0 Montr\u00e9al (plus souvent qu'il n'est besoin) \u2013 De bons soins d'hygi\u00e8ne buccodentaire pr\u00e9ventifs \u00e0 la maison peuvent vous faire \u00e9pargner. Ces soins peuvent \u00e9galement vous aider \u00e0 conserver vos dents, \u00e0 rafra\u00eechir votre haleine et \u00e0 am\u00e9liorer votre sant\u00e9 buccodentaire et g\u00e9n\u00e9rale.<\/p><h2>Pour comprendre la coassurance<\/h2><p>La coassurance \u2013 on parle \u00e9galement de quote-part \u2013 est la partie de la facture que vous devez acquitter vous-m\u00eame lorsque vous avez obtenu les services d'un dentiste \u00e0 Montr\u00e9al. C'est le moyen le plus courant pour limiter les co\u00fbts des r\u00e9gimes de soins dentaires, ce qui donne lieu \u00e0 de nombreux r\u00e9gimes pr\u00e9sentant toute une gamme de prestations \u00e0 divers prix parmi lesquels l'acheteur doit choisir.<br \/>\u00cates-vous couverts?<\/p><h2>Un aper\u00e7u des r\u00e9gimes de soins dentaires<\/h2><p>\u00c0 l'instar de nombreux Canadiens, vous avez sans doute un r\u00e9gime de soins dentaires d\u00e9fray\u00e9 par votre employeur, votre syndicat ou le gouvernement provincial. Ce feuillet d'information peut vous aider \u00e0 comprendre votre r\u00e9gime si vous payez vous-m\u00eame pour vos soins dentaires.<\/p><p>Pour commencer, rappelez-vous qu'un r\u00e9gime de soins dentaires et un plan de traitement fournis par un dentiste \u00e0 Montr\u00e9al sont deux choses distinctes.<\/p><ul><li><strong>Un r\u00e9gime de soins dentaires<\/strong> est un moyen de vous aider \u00e0 d\u00e9frayer vos traitements dentaires que vous avez re\u00e7u d'un dentiste \u00e0 Montr\u00e9al. Des employeurs offrent un r\u00e9gime d'assurance maladie et dentaire pour diverses raisons, y compris la promotion d'une bonne sant\u00e9.<\/li><li><strong>Un plan de traitement<\/strong> est un plan personnel que vous et votre dentiste \u00e0 Montr\u00e9al d\u00e9veloppez ensemble afin de r\u00e9pondre \u00e0 vos besoins en sant\u00e9 buccodentaire. Il sert de feuille de route pour atteindre ou conserver une bonne sant\u00e9 buccodentaire et il ne doit pas \u00eatre dict\u00e9 par ce que couvre un r\u00e9gime de soins dentaires.<\/li><\/ul><h2>Si vous avez un r\u00e9gime de soins dentaires\u00a0:<\/h2><p>\u00c0 titre de partenaire \u00e0 part enti\u00e8re en ce qui a trait \u00e0 vos soins de sant\u00e9 buccodentaire, il vous appartient de bien conna\u00eetre votre r\u00e9gime. Veuillez lire tout d\u00e9pliant, brochure ou autre mat\u00e9riel fourni par le prestataire du r\u00e9gime.<\/p><h3><em>Points \u00e0 v\u00e9rifier<\/em><\/h3><p><strong>Points que vous devez conna\u00eetre <\/strong>au sujet de votre r\u00e9gime pour \u00eatre trait\u00e9 par un dentiste \u00e0 Montr\u00e9al:<\/p><ol><li>Qu'est-ce qui est couvert chaque ann\u00e9e?<\/li><li>Y a-t-il une franchise?<\/li><li>Ma couverture est-elle limit\u00e9e financi\u00e8rement?<\/li><li>Puis-je choisir une proc\u00e9dure autre que celle que mon r\u00e9gime couvre?<\/li><li>Serai-je encore couvert si je change d'emploi?<\/li><li>Dans quelle mesure suis-je couvert pour les nettoyages et les radiographies?<\/li><li>Dans quelle mesure suis-je couvert pour les traitements dentaires comme les obturations et les traitements de canal?<\/li><li>Qu'en est-il des autres traitements comme les ponts et les couronnes, les proth\u00e8ses et la chirurgie buccale?<\/li><li>Puis-je choisir mon propre dentiste? (Certains r\u00e9gimes peuvent restreindre votre choix \u00e0 une liste de dentistes approuv\u00e9s.)<\/li><\/ol><p>Votre quote-part est la partie de la facture pour laquelle vous n'obtiendrez pas de remboursement. Vous devez comprendre ce que votre r\u00e9gime couvre et l'\u00e9tendue de la couverture pour \u00eatre trait\u00e9 par un dentiste \u00e0 Montr\u00e9al.<\/p><h2><strong>Comment votre dentiste \u00e0 Montr\u00e9al peut vous aider<\/strong><\/h2><p>Votre dentiste peut vous aider \u00e0 r\u00e9clamer vos indemnit\u00e9s.<\/p><p>Comme il a \u00e9t\u00e9 mentionn\u00e9 plus t\u00f4t, votre r\u00e9gime de soins dentaires ne doit jamais dicter votre plan de traitement.<\/p><p>Votre dentiste \u00e0 Montr\u00e9al, dans l'une de deux Cliniques Dentaires Toro peut vous aider \u00e0 estimer ce qui sera couvert par votre r\u00e9gime d'assurance avant d'aller de l'avant. Il peut pr\u00e9senter un plan de pr\u00e9traitement \u00e0 l'administrateur de votre r\u00e9gime de soins dentaires pour obtenir une <strong>pr\u00e9d\u00e9termination ou \u00e9valuation pr\u00e9alable de vos indemnit\u00e9s<\/strong>. Ceci ne constitue pas une garantie, mais les risques de voir votre demande de remboursement limit\u00e9e ou rejet\u00e9e s'en trouvent diminu\u00e9s.<\/p><p>Rappelez-vous que <strong>votre dentiste \u00e0 Montr\u00e9al vous traite vous, et non votre r\u00e9gime de soins dentaires<\/strong>.<\/p>","_et_gb_content_width":"","footnotes":""},"class_list":["post-3002","page","type-page","status-publish","hentry"],"yoast_head":"<!-- This site is optimized with the Yoast SEO plugin v27.4 - https:\/\/yoast.com\/product\/yoast-seo-wordpress\/ -->\n<title>Entretenez-vous avec votre dentiste \u00e0 Montr\u00e9al<\/title>\n<meta name=\"description\" content=\"Choisir un dentiste \u00e0 Montr\u00e9al et prendre soin de vos dents sont des d\u00e9cisions personnelles. Avoir un dentiste pour vous entretenir et avoir confiance.\" \/>\n<meta name=\"robots\" content=\"index, follow, max-snippet:-1, max-image-preview:large, max-video-preview:-1\" \/>\n<link rel=\"canonical\" href=\"https:\/\/lescliniquestoro.com\/en\/talk-to-your-dentiste-in-montreal\/\" \/>\n<meta property=\"og:locale\" content=\"en_US\" \/>\n<meta property=\"og:type\" content=\"article\" \/>\n<meta property=\"og:title\" content=\"Entretenez-vous avec votre dentiste \u00e0 Montr\u00e9al\" \/>\n<meta property=\"og:description\" content=\"Choisir un dentiste \u00e0 Montr\u00e9al et prendre soin de vos dents sont des d\u00e9cisions personnelles. Avoir un dentiste pour vous entretenir et avoir confiance.\" \/>\n<meta property=\"og:url\" content=\"https:\/\/lescliniquestoro.com\/en\/talk-to-your-dentiste-in-montreal\/\" \/>\n<meta property=\"og:site_name\" content=\"Les Cliniques Toro\" \/>\n<meta property=\"article:modified_time\" content=\"2020-05-16T22:05:13+00:00\" \/>\n<meta name=\"twitter:label1\" content=\"Est. reading time\" \/>\n\t<meta name=\"twitter:data1\" content=\"6 minutes\" \/>\n<script type=\"application\/ld+json\" class=\"yoast-schema-graph\">{\"@context\":\"https:\\\/\\\/schema.org\",\"@graph\":[{\"@type\":\"WebPage\",\"@id\":\"https:\\\/\\\/lescliniquestoro.com\\\/en\\\/talk-to-your-dentiste-in-montreal\\\/\",\"url\":\"https:\\\/\\\/lescliniquestoro.com\\\/en\\\/talk-to-your-dentiste-in-montreal\\\/\",\"name\":\"Entretenez-vous avec votre dentiste \u00e0 Montr\u00e9al\",\"isPartOf\":{\"@id\":\"https:\\\/\\\/lescliniquestoro.com\\\/#website\"},\"datePublished\":\"2015-05-20T18:29:09+00:00\",\"dateModified\":\"2020-05-16T22:05:13+00:00\",\"description\":\"Choisir un dentiste \u00e0 Montr\u00e9al et prendre soin de vos dents sont des d\u00e9cisions personnelles. Avoir un dentiste pour vous entretenir et avoir confiance.\",\"breadcrumb\":{\"@id\":\"https:\\\/\\\/lescliniquestoro.com\\\/en\\\/talk-to-your-dentiste-in-montreal\\\/#breadcrumb\"},\"inLanguage\":\"en-US\",\"potentialAction\":[{\"@type\":\"ReadAction\",\"target\":[\"https:\\\/\\\/lescliniquestoro.com\\\/en\\\/talk-to-your-dentiste-in-montreal\\\/\"]}]},{\"@type\":\"BreadcrumbList\",\"@id\":\"https:\\\/\\\/lescliniquestoro.com\\\/en\\\/talk-to-your-dentiste-in-montreal\\\/#breadcrumb\",\"itemListElement\":[{\"@type\":\"ListItem\",\"position\":1,\"name\":\"Accueil\",\"item\":\"https:\\\/\\\/lescliniquestoro.com\\\/en\\\/\"},{\"@type\":\"ListItem\",\"position\":2,\"name\":\"Talk to your dentist in Montreal\"}]},{\"@type\":\"WebSite\",\"@id\":\"https:\\\/\\\/lescliniquestoro.com\\\/#website\",\"url\":\"https:\\\/\\\/lescliniquestoro.com\\\/\",\"name\":\"lescliniquestoro.com\",\"description\":\"Dentistes, Denturologistes, Hygi\u00e9nistes dentaires, dentists, denturists, dental hygienists, Montr\u00e9al, Montreal\",\"publisher\":{\"@id\":\"https:\\\/\\\/lescliniquestoro.com\\\/#organization\"},\"potentialAction\":[{\"@type\":\"SearchAction\",\"target\":{\"@type\":\"EntryPoint\",\"urlTemplate\":\"https:\\\/\\\/lescliniquestoro.com\\\/?s={search_term_string}\"},\"query-input\":{\"@type\":\"PropertyValueSpecification\",\"valueRequired\":true,\"valueName\":\"search_term_string\"}}],\"inLanguage\":\"en-US\"},{\"@type\":\"Organization\",\"@id\":\"https:\\\/\\\/lescliniquestoro.com\\\/#organization\",\"name\":\"Les Cliniques Toro\",\"url\":\"https:\\\/\\\/lescliniquestoro.com\\\/\",\"logo\":{\"@type\":\"ImageObject\",\"inLanguage\":\"en-US\",\"@id\":\"https:\\\/\\\/lescliniquestoro.com\\\/#\\\/schema\\\/logo\\\/image\\\/\",\"url\":\"https:\\\/\\\/lescliniquestoro.com\\\/wp-content\\\/uploads\\\/2020\\\/04\\\/logo-fav-site-ctoro.png\",\"contentUrl\":\"https:\\\/\\\/lescliniquestoro.com\\\/wp-content\\\/uploads\\\/2020\\\/04\\\/logo-fav-site-ctoro.png\",\"width\":512,\"height\":512,\"caption\":\"Les Cliniques Toro\"},\"image\":{\"@id\":\"https:\\\/\\\/lescliniquestoro.com\\\/#\\\/schema\\\/logo\\\/image\\\/\"}}]}<\/script>\n<!-- \/ Yoast SEO plugin. -->","yoast_head_json":{"title":"Entretenez-vous avec votre dentiste \u00e0 Montr\u00e9al","description":"Choisir un dentiste \u00e0 Montr\u00e9al et prendre soin de vos dents sont des d\u00e9cisions personnelles. Avoir un dentiste pour vous entretenir et avoir confiance.","robots":{"index":"index","follow":"follow","max-snippet":"max-snippet:-1","max-image-preview":"max-image-preview:large","max-video-preview":"max-video-preview:-1"},"canonical":"https:\/\/lescliniquestoro.com\/en\/talk-to-your-dentiste-in-montreal\/","og_locale":"en_US","og_type":"article","og_title":"Entretenez-vous avec votre dentiste \u00e0 Montr\u00e9al","og_description":"Choisir un dentiste \u00e0 Montr\u00e9al et prendre soin de vos dents sont des d\u00e9cisions personnelles. Avoir un dentiste pour vous entretenir et avoir confiance.","og_url":"https:\/\/lescliniquestoro.com\/en\/talk-to-your-dentiste-in-montreal\/","og_site_name":"Les Cliniques Toro","article_modified_time":"2020-05-16T22:05:13+00:00","twitter_misc":{"Est. reading time":"6 minutes"},"schema":{"@context":"https:\/\/schema.org","@graph":[{"@type":"WebPage","@id":"https:\/\/lescliniquestoro.com\/en\/talk-to-your-dentiste-in-montreal\/","url":"https:\/\/lescliniquestoro.com\/en\/talk-to-your-dentiste-in-montreal\/","name":"Entretenez-vous avec votre dentiste \u00e0 Montr\u00e9al","isPartOf":{"@id":"https:\/\/lescliniquestoro.com\/#website"},"datePublished":"2015-05-20T18:29:09+00:00","dateModified":"2020-05-16T22:05:13+00:00","description":"Choisir un dentiste \u00e0 Montr\u00e9al et prendre soin de vos dents sont des d\u00e9cisions personnelles. Avoir un dentiste pour vous entretenir et avoir confiance.","breadcrumb":{"@id":"https:\/\/lescliniquestoro.com\/en\/talk-to-your-dentiste-in-montreal\/#breadcrumb"},"inLanguage":"en-US","potentialAction":[{"@type":"ReadAction","target":["https:\/\/lescliniquestoro.com\/en\/talk-to-your-dentiste-in-montreal\/"]}]},{"@type":"BreadcrumbList","@id":"https:\/\/lescliniquestoro.com\/en\/talk-to-your-dentiste-in-montreal\/#breadcrumb","itemListElement":[{"@type":"ListItem","position":1,"name":"Accueil","item":"https:\/\/lescliniquestoro.com\/en\/"},{"@type":"ListItem","position":2,"name":"Talk to your dentist in Montreal"}]},{"@type":"WebSite","@id":"https:\/\/lescliniquestoro.com\/#website","url":"https:\/\/lescliniquestoro.com\/","name":"lescliniquestoro.com","description":"Dentistes, Denturologistes, Hygi\u00e9nistes dentaires, dentists, denturists, dental hygienists, Montr\u00e9al, Montreal","publisher":{"@id":"https:\/\/lescliniquestoro.com\/#organization"},"potentialAction":[{"@type":"SearchAction","target":{"@type":"EntryPoint","urlTemplate":"https:\/\/lescliniquestoro.com\/?s={search_term_string}"},"query-input":{"@type":"PropertyValueSpecification","valueRequired":true,"valueName":"search_term_string"}}],"inLanguage":"en-US"},{"@type":"Organization","@id":"https:\/\/lescliniquestoro.com\/#organization","name":"Les Cliniques Toro","url":"https:\/\/lescliniquestoro.com\/","logo":{"@type":"ImageObject","inLanguage":"en-US","@id":"https:\/\/lescliniquestoro.com\/#\/schema\/logo\/image\/","url":"https:\/\/lescliniquestoro.com\/wp-content\/uploads\/2020\/04\/logo-fav-site-ctoro.png","contentUrl":"https:\/\/lescliniquestoro.com\/wp-content\/uploads\/2020\/04\/logo-fav-site-ctoro.png","width":512,"height":512,"caption":"Les Cliniques Toro"},"image":{"@id":"https:\/\/lescliniquestoro.com\/#\/schema\/logo\/image\/"}}]}},"_links":{"self":[{"href":"https:\/\/lescliniquestoro.com\/en\/wp-json\/wp\/v2\/pages\/3002","targetHints":{"allow":["GET"]}}],"collection":[{"href":"https:\/\/lescliniquestoro.com\/en\/wp-json\/wp\/v2\/pages"}],"about":[{"href":"https:\/\/lescliniquestoro.com\/en\/wp-json\/wp\/v2\/types\/page"}],"author":[{"embeddable":true,"href":"https:\/\/lescliniquestoro.com\/en\/wp-json\/wp\/v2\/users\/1"}],"replies":[{"embeddable":true,"href":"https:\/\/lescliniquestoro.com\/en\/wp-json\/wp\/v2\/comments?post=3002"}],"version-history":[{"count":18,"href":"https:\/\/lescliniquestoro.com\/en\/wp-json\/wp\/v2\/pages\/3002\/revisions"}],"predecessor-version":[{"id":4267,"href":"https:\/\/lescliniquestoro.com\/en\/wp-json\/wp\/v2\/pages\/3002\/revisions\/4267"}],"wp:attachment":[{"href":"https:\/\/lescliniquestoro.com\/en\/wp-json\/wp\/v2\/media?parent=3002"}],"curies":[{"name":"wp","href":"https:\/\/api.w.org\/{rel}","templated":true}]}}